{"id":198,"date":"2017-07-28T12:54:06","date_gmt":"2017-07-28T12:54:06","guid":{"rendered":"https:\/\/donati-services-property.fr\/mentions-legales\/"},"modified":"2022-06-08T08:48:38","modified_gmt":"2022-06-08T08:48:38","slug":"mentions-legales","status":"publish","type":"page","link":"https:\/\/donati-services-property.fr\/en\/mentions-legales\/","title":{"rendered":"Mentions L\u00e9gales"},"content":{"rendered":"<div class=\"wpb-content-wrapper\"><p>[vc_row el_class=&#8221;mentions-legales&#8221;][vc_column][vc_column_text]<\/p>\n<div id=\"top-container\" class=\"clearfix\">\n<div id=\"right-container\">\n<div id=\"container\">\n<div id=\"content\">\n<div class=\"entry-content\">\n<div class=\"item-page\">\n<div class=\"tinyscrollbar\">\n<div class=\"viewport\">\n<div class=\"overview\">\n<h2 style=\"text-align: center;\" align=\"JUSTIFY\">MENTIONS L\u00c9GALES<\/h2>\n<\/div>\n<p>&nbsp;<\/p>\n<div class=\"overview\">\n<h2>Raison sociale<\/h2>\n<p>DONATI SERVICES PROPERTY<br \/>\nSIRET : 50763562100018<br \/>\nNAF : Activit\u00e9s d&#8217;architecture (7111Z)<\/p>\n<h2>Coordonn\u00e9es<\/h2>\n<p>DONATI SERVICES PROPERTY<br \/>\nDomaine De Marande<br \/>\n55, Chemin Du Bon Pin<br \/>\n06210 Mandelieu<br \/>\nFrance<\/p>\n<p>T\u00e9l\u00e9phone : +33 (0) 6 28 25 06 59<br \/>\nE-mail : <a href=\"mailto:&#105;nfo&#64;donat&#105;&#45;pr&#111;pe&#114;ty-&#115;ervi&#99;&#101;&#115;&#46;f&#114;\">info&#64;don&#97;&#116;&#105;&#45;&#112;ro&#112;e&#114;&#116;&#121;-s&#101;&#114;vice&#115;.&#102;r<\/a><\/p>\n<h2>Responsable de la publication<\/h2>\n<p>DONATI OLIVIER<\/p>\n<h2>H\u00e9bergement du site<\/h2>\n<p>H\u00e9bergeur : OVH SERVEUR D\u00c9DI\u00c9 par Dpi design<br \/>\n2 rue Kellerman<br \/>\nRoubaix \u2013 France<br \/>\nSite Web :\u00a0https:\/\/www.ovh.com\/<\/p>\n<h2>Cr\u00e9ation et d\u00e9veloppement<\/h2>\n<p>Agence ComDZ<br \/>\nAdresse : 331 avenue du docteur Julien Lefebvre \u2013 06270 Villeneuve-Loubet<br \/>\nT\u00e9l\u00e9phone : 04 93 34 18 68<br \/>\nSite Web : <a href=\"https:\/\/www.comdz.fr\">ComDZ.fr<\/a><\/p>\n<h2>Cr\u00e9dit photos<\/h2>\n<p>Les \u00e9l\u00e9ments visuels int\u00e9gr\u00e9s sur ce site ont \u00e9t\u00e9 effectu\u00e9es par ComDZ. Certains \u00e9l\u00e9ments visuels peuvent \u00e9galement provenir de la banque d\u2019image Istock et de DONATI SERVICES PROPERTY.<\/p>\n<h2>Avertissement<\/h2>\n<p>Les informations contenues sur le site https:\/\/donati-services-property.fr ont un caract\u00e8re indicatif et non contractuel. Nous nous effor\u00e7ons d\u2019assurer l\u2019exactitude et la mise \u00e0 jour des informations diffus\u00e9es sur ce site, dont nous nous r\u00e9servons le droit<br \/>\nde corriger, \u00e0 tout moment et sans pr\u00e9avis, le contenu. Ce contenu est non-exhaustif. DONATI SERVICES PROPERTY d\u00e9cline toute responsabilit\u00e9 en cas d\u2019erreur, d\u2019inexactitude ou d\u2019omission dans ces informations.<\/p>\n<h2>Droit de propri\u00e9t\u00e9<\/h2>\n<p>Le site et les diff\u00e9rents \u00e9l\u00e9ments le composant sont prot\u00e9g\u00e9s par le droit de la propri\u00e9t\u00e9 intellectuelle et industrielle. Par cons\u00e9quent, toute repr\u00e9sentation, toute reproduction et, de mani\u00e8re plus g\u00e9n\u00e9rale, toute exploitation, par quelque proc\u00e9d\u00e9 que<br \/>\nce soit, de tout ou partie du site (sa structure g\u00e9n\u00e9rale, photographies, informations, ic\u00f4nes, logos, graphismes y figurant), sans l\u2019autorisation pr\u00e9alable et \u00e9crite de DONATI SERVICES PROPERTY est strictement interdite. Les informations<br \/>\ncontenues sur le site sont exclusivement r\u00e9serv\u00e9es \u00e0 un usage priv\u00e9. La reproduction de tout document publi\u00e9 sur le site de https:\/\/donati-services-property.fr et l\u2019utilisation de copies r\u00e9alis\u00e9es n\u2019est autoris\u00e9 qu\u2019\u00e0 des fins d\u2019information pour un<br \/>\nusage personnel et priv\u00e9.<\/p>\n<\/div>\n<\/div>\n<\/div>\n<\/div>\n<\/div>\n<\/div>\n<\/div>\n<\/div>\n<\/div>\n<p>[\/vc_column_text][\/vc_column][\/vc_row]<\/p>\n<\/div>","protected":false},"excerpt":{"rendered":"<p>[vc_row el_class=&#8221;mentions-legales&#8221;][vc_column][vc_column_text] MENTIONS L\u00c9GALES &nbsp; Raison sociale DONATI SERVICES PROPERTY SIRET : 50763562100018 NAF : Activit\u00e9s d&#8217;architecture (7111Z) Coordonn\u00e9es DONATI SERVICES PROPERTY Domaine De Marande 55, Chemin Du Bon Pin 06210 Mandelieu France T\u00e9l\u00e9phone : +33 (0) 6 28 25 06 59 E-mail : Responsable de la publication DONATI OLIVIER H\u00e9bergement du site H\u00e9bergeur : [&hellip;]<\/p>\n","protected":false},"author":2,"featured_media":0,"parent":0,"menu_order":0,"comment_status":"closed","ping_status":"closed","template":"","meta":{"_acf_changed":false,"footnotes":""},"class_list":["post-198","page","type-page","status-publish","hentry"],"acf":[],"_links":{"self":[{"href":"https:\/\/donati-services-property.fr\/en\/wp-json\/wp\/v2\/pages\/198","targetHints":{"allow":["GET"]}}],"collection":[{"href":"https:\/\/donati-services-property.fr\/en\/wp-json\/wp\/v2\/pages"}],"about":[{"href":"https:\/\/donati-services-property.fr\/en\/wp-json\/wp\/v2\/types\/page"}],"author":[{"embeddable":true,"href":"https:\/\/donati-services-property.fr\/en\/wp-json\/wp\/v2\/users\/2"}],"replies":[{"embeddable":true,"href":"https:\/\/donati-services-property.fr\/en\/wp-json\/wp\/v2\/comments?post=198"}],"version-history":[{"count":4,"href":"https:\/\/donati-services-property.fr\/en\/wp-json\/wp\/v2\/pages\/198\/revisions"}],"predecessor-version":[{"id":3931,"href":"https:\/\/donati-services-property.fr\/en\/wp-json\/wp\/v2\/pages\/198\/revisions\/3931"}],"wp:attachment":[{"href":"https:\/\/donati-services-property.fr\/en\/wp-json\/wp\/v2\/media?parent=198"}],"curies":[{"name":"wp","href":"https:\/\/api.w.org\/{rel}","templated":true}]}}